{"id":58,"date":"2020-09-11T12:30:20","date_gmt":"2020-09-11T12:30:20","guid":{"rendered":"https:\/\/www.przysieki.pl\/?page_id=58"},"modified":"2020-09-12T17:16:07","modified_gmt":"2020-09-12T17:16:07","slug":"galeria","status":"publish","type":"page","link":"https:\/\/www.przysieki.pl\/index.php\/galeria\/","title":{"rendered":"Galeria"},"content":{"rendered":"<div class=\"entry-header-new title-color-green\">\n<h1 class=\"entry-title\">Galeria<\/h1>\n<h2 class=\"entry-title dblock\">&nbsp;<\/h2>\n<\/div>\n<div class=\"flexgridbtw clearfix is-style-wide wrapper-medium-wide\">\n<div class=\"grid2\">\n<h3>Stary M\u0142yn<\/h3>\n<p><a href=\"https:\/\/www.przysieki.pl\/index.php\/galeria\/stary-mlyn-gospodarczy\/\"><img loading=\"lazy\" decoding=\"async\" class=\"size-medium wp-image-140 image-shadow\" src=\"https:\/\/www.przysieki.pl\/wp-content\/uploads\/2020\/09\/stary-mlyn-widok-z-przodu-0205-800-300x200.jpg\" alt=\"stary mlyn drewniany w Przysiekach widok z przodu\" width=\"300\" height=\"200\" srcset=\"https:\/\/www.przysieki.pl\/wp-content\/uploads\/2020\/09\/stary-mlyn-widok-z-przodu-0205-800-300x200.jpg 300w, https:\/\/www.przysieki.pl\/wp-content\/uploads\/2020\/09\/stary-mlyn-widok-z-przodu-0205-800-768x512.jpg 768w, https:\/\/www.przysieki.pl\/wp-content\/uploads\/2020\/09\/stary-mlyn-widok-z-przodu-0205-800.jpg 800w\" sizes=\"auto, (max-width: 300px) 100vw, 300px\" \/><\/a><\/p>\n<\/div>\n<div class=\"grid2\">\n<h3>\u0141awa i Ropa<\/h3>\n<p><a href=\"https:\/\/www.przysieki.pl\/index.php\/galeria\/impresje-znad-rzeki-lawa-i-ropa\/\"><img loading=\"lazy\" decoding=\"async\" class=\"image-shadow wp-image-170 size-medium\" src=\"https:\/\/www.przysieki.pl\/wp-content\/uploads\/2020\/09\/przysieki-lawa-linowa-wszystko-164459-800-300x225.jpg\" alt=\"Przysieki \u0142awa linowa w s\u0142o\u0144cu po remoncie\" width=\"300\" height=\"225\" srcset=\"https:\/\/www.przysieki.pl\/wp-content\/uploads\/2020\/09\/przysieki-lawa-linowa-wszystko-164459-800-300x225.jpg 300w, https:\/\/www.przysieki.pl\/wp-content\/uploads\/2020\/09\/przysieki-lawa-linowa-wszystko-164459-800-768x576.jpg 768w, https:\/\/www.przysieki.pl\/wp-content\/uploads\/2020\/09\/przysieki-lawa-linowa-wszystko-164459-800.jpg 800w\" sizes=\"auto, (max-width: 300px) 100vw, 300px\" \/><\/a><\/p>\n<\/div>\n<\/div>\n","protected":false},"excerpt":{"rendered":"<p>Galeria &nbsp; Stary M\u0142yn \u0141awa i Ropa<\/p>\n","protected":false},"author":1,"featured_media":0,"parent":0,"menu_order":3,"comment_status":"closed","ping_status":"closed","template":"","meta":{"inline_featured_image":false,"footnotes":"","_wp_rev_ctl_limit":""},"class_list":["post-58","page","type-page","status-publish","hentry"],"_links":{"self":[{"href":"https:\/\/www.przysieki.pl\/index.php\/wp-json\/wp\/v2\/pages\/58","targetHints":{"allow":["GET"]}}],"collection":[{"href":"https:\/\/www.przysieki.pl\/index.php\/wp-json\/wp\/v2\/pages"}],"about":[{"href":"https:\/\/www.przysieki.pl\/index.php\/wp-json\/wp\/v2\/types\/page"}],"author":[{"embeddable":true,"href":"https:\/\/www.przysieki.pl\/index.php\/wp-json\/wp\/v2\/users\/1"}],"replies":[{"embeddable":true,"href":"https:\/\/www.przysieki.pl\/index.php\/wp-json\/wp\/v2\/comments?post=58"}],"version-history":[{"count":5,"href":"https:\/\/www.przysieki.pl\/index.php\/wp-json\/wp\/v2\/pages\/58\/revisions"}],"predecessor-version":[{"id":182,"href":"https:\/\/www.przysieki.pl\/index.php\/wp-json\/wp\/v2\/pages\/58\/revisions\/182"}],"wp:attachment":[{"href":"https:\/\/www.przysieki.pl\/index.php\/wp-json\/wp\/v2\/media?parent=58"}],"curies":[{"name":"wp","href":"https:\/\/api.w.org\/{rel}","templated":true}]}}